{"id":16,"date":"2016-01-01T15:53:30","date_gmt":"2016-01-01T15:53:30","guid":{"rendered":"http:\/\/sport.17xx.de\/?page_id=16"},"modified":"2025-01-28T12:47:47","modified_gmt":"2025-01-28T12:47:47","slug":"kontakt","status":"publish","type":"page","link":"https:\/\/voltibild.de\/?page_id=16","title":{"rendered":"Kontakt\/Impressum"},"content":{"rendered":"<p><strong>Impressum<br \/>\n<\/strong><br \/>\nMartin Koll<\/p>\n<p>Internet: www.voltibild.de<br \/>\nInternet: www.bild17.de<br \/>\nE.Mail: info [at] bild17.de<\/p>\n<p>Stand: 28.01.2025<br \/>\nbild17 [2005 \u2013 2025]<\/p>\n<h6><b>\u00a0<\/b><\/h6>\n<p class=\"font_7\"><strong>Urheberrecht<\/strong><\/p>\n<p class=\"font_7\">Die durch die Seitenbetreiber erstellten Inhalte und Werke auf diesen Seiten unterliegen dem deutschen Urheberrecht. Die Vervielf\u00e4ltigung, Bearbeitung, Verbreitung und jede Art der Verwertung au\u00dferhalb der Grenzen des Urheberrechtes bed\u00fcrfen der schriftlichen Zustimmung des Autors Martin Koll. Downloads und Kopien dieser Seite sind nicht gestattet. Soweit die Inhalte auf dieser Seite nicht vom Betreiber erstellt wurden, werden die Urheberrechte Dritter beachtet. Insbesondere werden Inhalte Dritter als solche gekennzeichnet. Sollten Sie trotzdem auf eine Urheberrechtsverletzung aufmerksam werden, bitten wir um einen entsprechenden Hinweis. Bei Bekanntwerden von Rechtsverletzungen werden wir derartige Inhalte umgehend entfernen.<\/p>\n<p><strong>Namensnennung<br \/>\n<\/strong><b><br \/>\n<\/b>Bei jeglicher gewerblicher Ver\u00f6ffentlichung von Bildmaterial hat der Fotograf ein Recht auf die Nennung seines Namens. Zu diesem Zweck wird jede digitale Datei, wenn nicht ausdr\u00fccklich anders vereinbart, auch in einer zweiten Version mit einer Fotografensignatur versehen geliefert.<br \/>\nEs ist darauf zu achten, dass bei Ver\u00f6ffentlichungen im Internet z.B. Facebook, Website, Blog usw., ebenso wie bei Druckerzeugnissen z.B. B\u00fccher, Zeitschriften usw. u.a. auf den Namen des Fotografen hingewiesen wird (z.B: Foto: Martin Koll \u2013 Fotografie \/ Martin Koll \/ www.bild17.de)<br \/>\nDie Nennung kann in unterschiedlichen Formen, zum Beispiel auch durch eine Verlinkung erfolgen.<\/p>\n<p><strong>Haftung f\u00fcr Inhalte<\/strong><\/p>\n<p class=\"font_7\">Als Diensteanbieter sind wir gem\u00e4\u00df \u00a7 7 Abs.1 TMG f\u00fcr eigene Inhalte auf diesen Seiten nach den allgemeinen Gesetzen verantwortlich. Nach \u00a7\u00a7 8 bis 10 TMG sind wir als Diensteanbieter jedoch nicht verpflichtet, \u00fcbermittelte oder gespeicherte fremde Informationen zu \u00fcberwachen oder nach Umst\u00e4nden zu forschen, die auf eine rechtswidrige T\u00e4tigkeit hinweisen. Verpflichtungen zur Entfernung oder Sperrung der Nutzung von Informationen nach den allgemeinen Gesetzen bleiben hiervon unber\u00fchrt. Eine diesbez\u00fcgliche Haftung ist jedoch erst ab dem Zeitpunkt der Kenntnis einer konkreten Rechtsverletzung m\u00f6glich. Bei Bekanntwerden von entsprechenden Rechtsverletzungen werden wir diese Inhalte umgehend entfernen.<\/p>\n<p>[su_label]Martin Koll[\/su_label]<\/p>\n","protected":false},"excerpt":{"rendered":"<p>Impressum Martin Koll Internet: www.voltibild.de Internet: www.bild17.de E.Mail: info [at] bild17.de Stand: 28.01.2025 bild17 [2005 \u2013 2025] \u00a0 Urheberrecht Die durch die [&hellip;]<\/p>\n","protected":false},"author":1,"featured_media":0,"parent":0,"menu_order":0,"comment_status":"closed","ping_status":"closed","template":"","meta":[],"_links":{"self":[{"href":"https:\/\/voltibild.de\/index.php?rest_route=\/wp\/v2\/pages\/16"}],"collection":[{"href":"https:\/\/voltibild.de\/index.php?rest_route=\/wp\/v2\/pages"}],"about":[{"href":"https:\/\/voltibild.de\/index.php?rest_route=\/wp\/v2\/types\/page"}],"author":[{"embeddable":true,"href":"https:\/\/voltibild.de\/index.php?rest_route=\/wp\/v2\/users\/1"}],"replies":[{"embeddable":true,"href":"https:\/\/voltibild.de\/index.php?rest_route=%2Fwp%2Fv2%2Fcomments&post=16"}],"version-history":[{"count":19,"href":"https:\/\/voltibild.de\/index.php?rest_route=\/wp\/v2\/pages\/16\/revisions"}],"predecessor-version":[{"id":8740,"href":"https:\/\/voltibild.de\/index.php?rest_route=\/wp\/v2\/pages\/16\/revisions\/8740"}],"wp:attachment":[{"href":"https:\/\/voltibild.de\/index.php?rest_route=%2Fwp%2Fv2%2Fmedia&parent=16"}],"curies":[{"name":"wp","href":"https:\/\/api.w.org\/{rel}","templated":true}]}}